{"id":45,"date":"2026-04-13T20:24:36","date_gmt":"2026-04-13T18:24:36","guid":{"rendered":"https:\/\/pavillonqilin.fr\/?page_id=45"},"modified":"2026-04-13T20:24:36","modified_gmt":"2026-04-13T18:24:36","slug":"tai-chi-chuan","status":"publish","type":"page","link":"https:\/\/pavillonqilin.fr\/?page_id=45","title":{"rendered":"Tai Chi Chuan"},"content":{"rendered":"\n<p>Le Tai Chi Chuan est un art interne alliant relaxation, \u00e9quilibre et travail \u00e9nerg\u00e9tique.<br>Pr\u00e9sentation d\u00e9taill\u00e9e bient\u00f4t disponible.<\/p>\n","protected":false},"excerpt":{"rendered":"<p>Le Tai Chi Chuan est un art interne alliant relaxation, \u00e9quilibre et travail \u00e9nerg\u00e9tique.Pr\u00e9sentation d\u00e9taill\u00e9e bient\u00f4t disponible.<\/p>\n","protected":false},"author":1,"featured_media":0,"parent":0,"menu_order":0,"comment_status":"closed","ping_status":"closed","template":"","meta":{"footnotes":""},"class_list":["post-45","page","type-page","status-publish","hentry"],"_links":{"self":[{"href":"https:\/\/pavillonqilin.fr\/index.php?rest_route=\/wp\/v2\/pages\/45","targetHints":{"allow":["GET"]}}],"collection":[{"href":"https:\/\/pavillonqilin.fr\/index.php?rest_route=\/wp\/v2\/pages"}],"about":[{"href":"https:\/\/pavillonqilin.fr\/index.php?rest_route=\/wp\/v2\/types\/page"}],"author":[{"embeddable":true,"href":"https:\/\/pavillonqilin.fr\/index.php?rest_route=\/wp\/v2\/users\/1"}],"replies":[{"embeddable":true,"href":"https:\/\/pavillonqilin.fr\/index.php?rest_route=%2Fwp%2Fv2%2Fcomments&post=45"}],"version-history":[{"count":1,"href":"https:\/\/pavillonqilin.fr\/index.php?rest_route=\/wp\/v2\/pages\/45\/revisions"}],"predecessor-version":[{"id":46,"href":"https:\/\/pavillonqilin.fr\/index.php?rest_route=\/wp\/v2\/pages\/45\/revisions\/46"}],"wp:attachment":[{"href":"https:\/\/pavillonqilin.fr\/index.php?rest_route=%2Fwp%2Fv2%2Fmedia&parent=45"}],"curies":[{"name":"wp","href":"https:\/\/api.w.org\/{rel}","templated":true}]}}