{"id":32,"date":"2026-04-13T19:13:26","date_gmt":"2026-04-13T17:13:26","guid":{"rendered":"https:\/\/pavillonqilin.fr\/?page_id=32"},"modified":"2026-04-13T21:03:16","modified_gmt":"2026-04-13T19:03:16","slug":"club-html","status":"publish","type":"page","link":"https:\/\/pavillonqilin.fr\/","title":{"rendered":"Le Pavillon Qilin"},"content":{"rendered":"\n<p>Bienvenue au Pavillon Qilin, association d\u00e9di\u00e9e \u00e0 la pratique du Wing Chun (Vinh Xuan) et du Tai Chi Chuan.<\/p>\n\n\n\n<p>L\u2019enseignement du Wing Chun s\u2019inscrit dans la lign\u00e9e de Ma\u00eetre Luc Ha Kim et d\u2019\u00c9ric Bauer (8e dan, expert f\u00e9d\u00e9ral).<\/p>\n\n\n\n<p>Le Tai Chi Chuan est enseign\u00e9 dans la lign\u00e9e d\u2019\u00c9ric Bauer, et s\u2019inspire \u00e9galement de l\u2019enseignement de Wang Feng Min.<\/p>\n\n\n\n<p>Les cours sont dispens\u00e9s par des professeurs titulaires d\u2019un dipl\u00f4me d\u2019\u00c9tat d\u00e9livr\u00e9 par la F\u00e9d\u00e9ration Fran\u00e7aise de Karat\u00e9 et Disciplines Associ\u00e9es (FFKDA). <\/p>\n\n\n\n<p>Les enseignants se forment r\u00e9guli\u00e8rement en Chine et au Vietnam aupr\u00e8s de diff\u00e9rents ma\u00eetres.<\/p>\n\n\n\n<p><\/p>\n","protected":false},"excerpt":{"rendered":"<p>Bienvenue au Pavillon Qilin, association d\u00e9di\u00e9e \u00e0 la pratique du Wing Chun (Vinh Xuan) et du Tai Chi Chuan. L\u2019enseignement du Wing Chun s\u2019inscrit dans la lign\u00e9e de Ma\u00eetre Luc Ha Kim et d\u2019\u00c9ric Bauer (8e dan, expert f\u00e9d\u00e9ral). Le Tai Chi Chuan est enseign\u00e9 dans la lign\u00e9e d\u2019\u00c9ric Bauer, et s\u2019inspire \u00e9galement de l\u2019enseignement [&hellip;]<\/p>\n","protected":false},"author":1,"featured_media":0,"parent":0,"menu_order":0,"comment_status":"closed","ping_status":"closed","template":"","meta":{"footnotes":""},"class_list":["post-32","page","type-page","status-publish","hentry"],"_links":{"self":[{"href":"https:\/\/pavillonqilin.fr\/index.php?rest_route=\/wp\/v2\/pages\/32","targetHints":{"allow":["GET"]}}],"collection":[{"href":"https:\/\/pavillonqilin.fr\/index.php?rest_route=\/wp\/v2\/pages"}],"about":[{"href":"https:\/\/pavillonqilin.fr\/index.php?rest_route=\/wp\/v2\/types\/page"}],"author":[{"embeddable":true,"href":"https:\/\/pavillonqilin.fr\/index.php?rest_route=\/wp\/v2\/users\/1"}],"replies":[{"embeddable":true,"href":"https:\/\/pavillonqilin.fr\/index.php?rest_route=%2Fwp%2Fv2%2Fcomments&post=32"}],"version-history":[{"count":7,"href":"https:\/\/pavillonqilin.fr\/index.php?rest_route=\/wp\/v2\/pages\/32\/revisions"}],"predecessor-version":[{"id":52,"href":"https:\/\/pavillonqilin.fr\/index.php?rest_route=\/wp\/v2\/pages\/32\/revisions\/52"}],"wp:attachment":[{"href":"https:\/\/pavillonqilin.fr\/index.php?rest_route=%2Fwp%2Fv2%2Fmedia&parent=32"}],"curies":[{"name":"wp","href":"https:\/\/api.w.org\/{rel}","templated":true}]}}